{"id":22179,"date":"2015-06-11T16:03:51","date_gmt":"2015-06-11T14:03:51","guid":{"rendered":"https:\/\/undsgn.com\/uncode\/?page_id=22179"},"modified":"2023-06-30T08:19:57","modified_gmt":"2023-06-30T08:19:57","slug":"politica_cookies","status":"publish","type":"page","link":"https:\/\/suuretech.com\/es\/politica_cookies\/","title":{"rendered":"Pol\u00edtica de Cookies"},"content":{"rendered":"<div class=\"wpb-content-wrapper\"><div data-parent=\"true\" class=\"vc_row row-container\" id=\"row-unique-0\"><div class=\"row limit-width row-parent\"><div class=\"wpb_row row-inner\"><div class=\"wpb_column pos-top pos-center align_left column_parent col-lg-12 single-internal-gutter\"><div class=\"uncol style-light\"  ><div class=\"uncoltable\"><div class=\"uncell no-block-padding\" ><div class=\"uncont\" ><div class=\"uncode_text_column\" ><p><span class=\"font-762333\">Like other websites,<a href=\"https:\/\/suuretech.com\"> https:\/\/suuretech.com<\/a>\u00a0(the &#8220;Website&#8221;) uses a technology called cookies to collect information about user usage. The responsible for processing this information is COMERCIALIZADORA PUBLICITARIA AVANZADA, S.L, based at V\u00eda Dos Castillas , 33 &#8211; Edificio \u00c1tica 4 , 1\u00aa Planta, 28224 Pozuelo de Alarc\u00f3n, Madrid (Spain). We inform you that we can use them on your computer on condition that you have given your consent, except in those cases in which they are necessary for browsing the Website. To this end, we indicate that the use of different cookies on our Website allows us to study your browsing habits and show you content that may be of interest to you, collect usage statistics to identify potential improvements to the Website and errors, facilitate browsing through the Website and provide you with a better user experience. In summary, cookies allow us to have more information about your preferences and to customize our Website in accordance with your interests and those of other users.<\/span><\/p>\n<h3>Definition<\/h3>\n<p>A cookie is a file that is downloaded to your terminal in order to store data that can be updated and retrieved by the entity responsible for its installation. Unless you have configured your browser to disable them, our system will use them if you visit our Website and have accepted their installation.<\/p>\n<h3>Processing of data from cookies<\/h3>\n<p>If you have accepted the installation of cookies, we will process your data as indicated below:<\/p>\n<ul>\n<li><strong>Purpose of Processing<\/strong>: To profile your browsing habits and show you content and advertising of interest, collect web usage statistics, identify bugs and ultimately provide you with the best possible user experience. This processing will facilitate the automatic display of content and advertising related to your preferences.<\/li>\n<\/ul>\n<ul>\n<li><strong>Legal basis of the processing<\/strong>: Your express consent given through the buttons enabled for the purpose in the cookie banner or in this policy.<\/li>\n<\/ul>\n<ul>\n<li><strong>Recipients of your data<\/strong>: Only some of our service providers will have access to your personal data that will allow us to collect browsing information and profile it in order to display content and personalized advertising. In order to execute the service provided to us, these providers need access to our customers&#8217; data (for example, browsing time, pages visited or frequency of visits). These service providers will process your data according to our instructions and always under our control.<\/li>\n<\/ul>\n<ul>\n<li><strong>International data transfers<\/strong>: To provide you with the service, we use the services of providers that allow us to collect browsing information and profile it in order to be able to display personalized content and advertising; they need to have access to your personal data from the United States, always following our instructions. These providers are adhered to the framework of the Privacy Shield, an agreement signed between the United States and the European Union by which the American entities adhered to the program, ensure that they apply the same standards of data protection as European companies.<\/li>\n<\/ul>\n<ul>\n<li><strong>Conservation period of your data<\/strong>: The expiration periods of each cookie are indicated in the &#8220;Types of cookies used on the web&#8221; section, within the &#8220;Expiration&#8221; column.<\/li>\n<\/ul>\n<p>&nbsp;<\/p>\n<h3>Type of cookies used on the website<\/h3>\n<ul>\n<li><strong>Not Optional:\u00a0<\/strong>Cookies strictly necessary to browse the Website, which allow basic functions such as browsing from one section to another. They are in charge of technical aspects such as identifying profiles or sessions and managing tool preferences in the use, interaction and location of access to the contents.<\/li>\n<\/ul>\n<ul>\n<li><strong>Statistical:\u00a0<\/strong>These cookies collect information relating to the use of the Website, such as your stay on the Website and the content you visit, in order to understand how users interact with the Website and thus improve aspects of browsing.<\/li>\n<\/ul>\n<ul>\n<li><strong>Functional:\u00a0<\/strong>Functional cookies allow the Website to remember user information to enrich the browsing experience, such as your preferred language or the region from which you access it.<\/li>\n<\/ul>\n<ul>\n<li><strong>Content Customization:\u00a0<\/strong>These cookies collect information for the creation of browsing profiles of users to display the content of the Website in a personalized way according to browsing habits.<\/li>\n<\/ul>\n<p>&nbsp;<\/p>\n<h3>Disable cookies<\/h3>\n<p>Most browsers allow you to warn of the presence of cookies or reject them automatically. If you reject cookies, you may still be able to use our Website, but you may experience difficulties in terms of browsing and operability of the Website and may not be able to access certain functionalities (e.g., saving your data in session to session forms). Thus, deactivation may cause the use of some of the services on the Website to be limited and therefore your experience to be less satisfactory.<\/p>\n<h3>Withdrawing consent<\/h3>\n<p>If you would like to withdraw your consent to the Cookies Policy at any time, you have two options: (i) withdraw your consent through the buttons enabled for this purpose in this Cookies Policy; or (ii) delete the cookies stored on your computer through the settings and configurations of your Internet browser. You can find more information on how to disable cookies, depending on your browser, in the following links:<\/p>\n<ul>\n<li><strong>Internet Explorer:\u00a0<\/strong><a class=\"pinky\" href=\"https:\/\/support.microsoft.com\/en-us\/help\/17442\/windows-internet-explorer-delete-manage-cookies\">https:\/\/support.microsoft.com\/en-us\/help\/17442\/windows-internet-explorer-delete-manage-cookies<\/a><\/li>\n<\/ul>\n<ul>\n<li><strong>Firefox:<\/strong><a class=\"pinky\" href=\"https:\/\/support.mozilla.org\/en-US\/kb\/enable-and-disable-cookies-website-preferences\">https:\/\/support.mozilla.org\/en-US\/kb\/enable-and-disable-cookies-website-preferences<\/a><\/li>\n<\/ul>\n<ul>\n<li><strong>Chrome:<\/strong><a class=\"pinky\" href=\"https:\/\/support.google.com\/chrome\/answer\/95647?co=GENIE.Platform%3DDesktop&amp;hl=en\">https:\/\/support.google.com\/chrome\/answer\/95647?co=GENIE.Platform%3DDesktop&amp;hl=en<\/a><\/li>\n<\/ul>\n<ul>\n<li><strong>Safari:<\/strong><a class=\"pinky\" href=\"https:\/\/support.apple.com\/en-gb\/guide\/safari\/sfri11471\/mac\">https:\/\/support.apple.com\/en-gb\/guide\/safari\/sfri11471\/mac<\/a>; for iOS:\u00a0<a class=\"pinky\" href=\"https:\/\/support.apple.com\/bg-bg\/HT201265\">https:\/\/support.apple.com\/bg-bg\/HT201265<\/a><\/li>\n<\/ul>\n<h3>\u00a0<\/h3>\n<h3>Amendments to this Policy<\/h3>\n<p>We may update our Cookies Policy from time to time. Therefore, we encourage you to review this policy each time you access our Website in order to be properly informed about how and for what we use them.<\/p>\n<h3>Contact<\/h3>\n<p>If you have any questions regarding our installation of cookies, please email\u00a0<a class=\"pinky\" rel=\"nofollow noopener\">info@suuretech.com<\/a>\u00a0and we will get back to you as soon as possible.<\/p>\n<h3>Cookies used in our site<\/h3>\n<table class=\"cookie-table\">\n<thead>\n<tr>\n<th>Name<\/th>\n<th>Provider<\/th>\n<th>Purpose<\/th>\n<th>Expiration<\/th>\n<\/tr>\n<\/thead>\n<tbody>\n<tr>\n<td>__cfduid<\/td>\n<td><a class=\"pinky\" href=\"https:\/\/www.cloudflare.com\/es-es\/\" target=\"_blank\" rel=\"noopener\">Cloudflare<\/a><\/td>\n<td>Used by the content network, Cloudflare, to identify trusted web traffic. If does not correspond to any user Id \u00a0in the web application, nor does it save any personally identifiable information.<\/td>\n<td>1 year<\/td>\n<\/tr>\n<tr>\n<td>_ga<\/td>\n<td><a class=\"pinky\" href=\"https:\/\/policies.google.com\/technologies\/types?hl=es\" target=\"_blank\" rel=\"noopener\">Google Analytics<\/a><\/td>\n<td>Register a unique identification for purely statistical purpose on the use of the site.<\/td>\n<td>2 years<\/td>\n<\/tr>\n<tr>\n<td>_gid<\/td>\n<td><a class=\"pinky\" href=\"https:\/\/policies.google.com\/technologies\/types?hl=es\" target=\"_blank\" rel=\"noopener\">Google Analytics<\/a><\/td>\n<td>Single use of a day by Google Analytics to control the rate of request.<\/td>\n<td>1 day<\/td>\n<\/tr>\n<tr>\n<td>_gat<\/td>\n<td><a class=\"pinky\" href=\"https:\/\/policies.google.com\/technologies\/types?hl=es\" target=\"_blank\" rel=\"noopener\">Google Analytics<\/a><\/td>\n<td>Register a unique identification for purely statistical purpose on the use of the site.<\/td>\n<td>1 day<\/td>\n<\/tr>\n<tr>\n<td>test_cookie<\/td>\n<td><a class=\"pinky\" href=\"https:\/\/es.wikipedia.org\/wiki\/DoubleClick\" target=\"_blank\" rel=\"noopener\">Google doubleclick<\/a><\/td>\n<td>Used to check if the user&#8217;s browser administers cookies.<\/td>\n<td>1 day<\/td>\n<\/tr>\n<tr>\n<td>_fbp<\/td>\n<td><a class=\"pinky\" href=\"https:\/\/es-es.facebook.com\/policies\/cookies\/\" target=\"_blank\" rel=\"noopener\">Cookiebot<\/a><\/td>\n<td>Used by Facebook to provide a series of advertising products, such as real-time bidding from third-party advertisers.<\/td>\n<td>3 months<\/td>\n<\/tr>\n<tr>\n<td>fr<\/td>\n<td><a class=\"pinky\" href=\"https:\/\/es-es.facebook.com\/policies\/cookies\/\" target=\"_blank\" rel=\"noopener\">Facebook<\/a><\/td>\n<td>Used by Facebook to provide a series of advertising productos, such as real-time bidding from third-party advertisers.<\/td>\n<td>3 months<\/td>\n<\/tr>\n<tr>\n<td>BizoID<\/td>\n<td><a class=\"pinky\" href=\"https:\/\/www.linkedin.com\/legal\/cookie-table\" target=\"_blank\" rel=\"noopener\">Linkedin<\/a><\/td>\n<td>Linkedin ads analysis<\/td>\n<td>6 months<\/td>\n<\/tr>\n<tr>\n<td>lang<\/td>\n<td><a class=\"pinky\" href=\"https:\/\/www.linkedin.com\/legal\/cookie-table\" target=\"_blank\" rel=\"noopener\">Linkedin<\/a><\/td>\n<td>Set the default language of the user&#8217;s language<\/td>\n<td>Session<\/td>\n<\/tr>\n<tr>\n<td>lidc<\/td>\n<td><a class=\"pinky\" href=\"https:\/\/www.linkedin.com\/legal\/cookie-table\" target=\"_blank\" rel=\"noopener\">Linkedin<\/a><\/td>\n<td>Used for routing, related to share buttons, for example.<\/td>\n<td>1 day<\/td>\n<\/tr>\n<tr>\n<td>UserMatchHistory<\/td>\n<td><a class=\"pinky\" href=\"https:\/\/www.linkedin.com\/legal\/cookie-table\" target=\"_blank\" rel=\"noopener\">Linkedin<\/a><\/td>\n<td>Collect statistics on Linkedin ads<\/td>\n<td>1 day<\/td>\n<\/tr>\n<tr>\n<td>bcookie<\/td>\n<td><a class=\"pinky\" href=\"https:\/\/www.linkedin.com\/legal\/cookie-table\" target=\"_blank\" rel=\"noopener\">Linkedin<\/a><\/td>\n<td>Safety browser identification cookie<\/td>\n<td>1 year<\/td>\n<\/tr>\n<tr>\n<td>IDE<\/td>\n<td><a class=\"pinky\" href=\"https:\/\/policies.google.com\/technologies\/types?hl=es\" target=\"_blank\" rel=\"noopener\">Google<\/a><\/td>\n<td>Used by Google DoubleClick to record and report on the user&#8217;s actions on the website after viewing or clicking on one of the advertiser&#8217;s ads for the purpose of measuring the effectiveness of an advertisement and presenting specific advertisements for the user.<\/td>\n<td>1 year<\/td>\n<\/tr>\n<tr>\n<td>VISITOR_INFO1_LIVE<\/td>\n<td><a class=\"pinky\" href=\"https:\/\/policies.google.com\/technologies\/types?hl=es\" target=\"_blank\" rel=\"noopener\">Youtube<\/a><\/td>\n<td>Calculate the user&#8217;s bandwidth on the pages that have integrated videos.<\/td>\n<td>179 days<\/td>\n<\/tr>\n<tr>\n<td>GPS<\/td>\n<td><a class=\"pinky\" href=\"https:\/\/policies.google.com\/technologies\/types?hl=es\" target=\"_blank\" rel=\"noopener\">Youtube<\/a><\/td>\n<td>Identificaci\u00f3n \u00fanica en dispositivos m\u00f3viles para permitir el seguimiento seg\u00fan la ubicaci\u00f3n geogr\u00e1fica por GPS.<\/td>\n<td>1 day<\/td>\n<\/tr>\n<tr>\n<td>PREF<\/td>\n<td><a class=\"pinky\" href=\"https:\/\/policies.google.com\/technologies\/types?hl=es\" target=\"_blank\" rel=\"noopener\">Youtube<\/a><\/td>\n<td>Unique identification on mobile devices to allow tracking according to geographical location by GPS.<\/td>\n<td>8 months<\/td>\n<\/tr>\n<tr>\n<td>YSC<\/td>\n<td><a class=\"pinky\" href=\"https:\/\/policies.google.com\/technologies\/types?hl=es\" target=\"_blank\" rel=\"noopener\">Youtube<\/a><\/td>\n<td>Keep statistics of what YouTube videos the user has seen.<\/td>\n<td>session<\/td>\n<\/tr>\n<tr>\n<td>1P_JAR<\/td>\n<td><a class=\"pinky\" href=\"https:\/\/policies.google.com\/technologies\/types?hl=es\" target=\"_blank\" rel=\"noopener\">Google<\/a><\/td>\n<td>Website usage statistics and any advertising that the user has previously seen to provide more personalized ads.<\/td>\n<td>1 day<\/td>\n<\/tr>\n<tr>\n<td>NID<\/td>\n<td><a class=\"pinky\" href=\"https:\/\/policies.google.com\/technologies\/types?hl=es\" target=\"_blank\" rel=\"noopener\">Google<\/a><\/td>\n<td>Used by Google applications to store information preferred by the user.<\/td>\n<td>1 year<\/td>\n<\/tr>\n<tr>\n<td>CONSENT<\/td>\n<td><a class=\"pinky\" href=\"https:\/\/policies.google.com\/technologies\/types?hl=es\" target=\"_blank\" rel=\"noopener\">Google<\/a><\/td>\n<td>Related to the consent or non-use of cookies.<\/td>\n<td>19 years<\/td>\n<\/tr>\n<tr>\n<td>bscookie<\/td>\n<td><a class=\"pinky\" href=\"https:\/\/www.linkedin.com\/legal\/cookie-table\" target=\"_blank\" rel=\"noopener\">Linkedin<\/a><\/td>\n<td>Used by Linkedin to identify the user&#8217;s browser.<\/td>\n<td>1 years<\/td>\n<\/tr>\n<tr>\n<td>__hstc<\/td>\n<td>hubspot\u00a0*<\/td>\n<td>The main cookie for tracking visitors. It contains the domain, ute, initial timestamp (first visit), last timestamp (last visit), current timestamp (this visit), and session number (increments for each subsequent session).<\/td>\n<td>13 months<\/td>\n<\/tr>\n<tr>\n<td>hubspotutk<\/td>\n<td>hubspot\u00a0*<\/td>\n<td>This cookie is used to keep track of a visitor&#8217;s identity. This cookie is passed to Hubspot on form submission and used when deduplicating contacts.<\/td>\n<td>13 months<\/td>\n<\/tr>\n<tr>\n<td>__hssrc<\/td>\n<td>hubspot\u00a0*<\/td>\n<td>Whenever HubSpot changes the session cookie, this cookie is also set to determine if the visitor has restarted their browser. If this cookie does not exist when HubSpot manages cookies, it is considered a new session.<\/td>\n<td>Session<\/td>\n<\/tr>\n<tr>\n<td>__hssc<\/td>\n<td>hubspot\u00a0*<\/td>\n<td>This cookie keeps track of session. This is used to determine if HubSpot should increment the session number and timestamps in the __hstc cookie. It contains the domain, viewCount (increment each pageView in a session), and session start timestamp.<\/td>\n<td>30 minutes<\/td>\n<\/tr>\n<tr>\n<td>__hs_opt_out<\/td>\n<td>hubspot\u00a0*<\/td>\n<td>This cookie is used by the opt-in privacy policy to remember not to ask the visitor to accept cookies again. This cookie is set when you give visitors the choice to opt out of cookies.<\/td>\n<td>13 months<\/td>\n<\/tr>\n<\/tbody>\n<\/table>\n<p>*\u00a0<a class=\"pinky\" href=\"https:\/\/www.hubspot.es\/\" target=\"_blank\" rel=\"noopener\">Hubspot<\/a>\u00a0is our CMS (Content Management System) for content management. This table will be updated according to possible modifications in the cookies.<\/p>\n<p>\n<\/div><\/div><\/div><\/div><\/div><\/div><script id=\"script-row-unique-0\" data-row=\"script-row-unique-0\" type=\"text\/javascript\" class=\"vc_controls\">UNCODE.initRow(document.getElementById(\"row-unique-0\"));<\/script><\/div><\/div><\/div>\n<\/div>","protected":false},"excerpt":{"rendered":"Like other websites, https:\/\/suuretech.com\u00a0(the &#8220;Website&#8221;) uses a technology called cookies to collect information about user usage. The responsible for processing [...]","protected":false},"author":1,"featured_media":0,"parent":0,"menu_order":0,"comment_status":"open","ping_status":"open","template":"","meta":{"content-type":"","footnotes":""},"class_list":["post-22179","page","type-page","status-publish","hentry"],"yoast_head":"<!-- This site is optimized with the Yoast SEO plugin v25.9 - https:\/\/yoast.com\/wordpress\/plugins\/seo\/ -->\n<title>Pol\u00edtica de Cookies - Suure<\/title>\n<meta name=\"robots\" content=\"index, follow, max-snippet:-1, max-image-preview:large, max-video-preview:-1\" \/>\n<link rel=\"canonical\" href=\"https:\/\/suuretech.com\/es\/politica_cookies\/\" \/>\n<meta property=\"og:locale\" content=\"es_ES\" \/>\n<meta property=\"og:type\" content=\"article\" \/>\n<meta property=\"og:title\" content=\"Pol\u00edtica de Cookies - Suure\" \/>\n<meta property=\"og:url\" content=\"https:\/\/suuretech.com\/es\/politica_cookies\/\" \/>\n<meta property=\"og:site_name\" content=\"Suure\" \/>\n<meta property=\"article:modified_time\" content=\"2023-06-30T08:19:57+00:00\" \/>\n<meta name=\"twitter:card\" content=\"summary_large_image\" \/>\n<meta name=\"twitter:label1\" content=\"Tiempo de lectura\" \/>\n\t<meta name=\"twitter:data1\" content=\"8 minutos\" \/>\n<script type=\"application\/ld+json\" class=\"yoast-schema-graph\">{\"@context\":\"https:\/\/schema.org\",\"@graph\":[{\"@type\":\"WebPage\",\"@id\":\"https:\/\/suuretech.com\/politica_cookies\/\",\"url\":\"https:\/\/suuretech.com\/politica_cookies\/\",\"name\":\"Pol\u00edtica de Cookies - Suure\",\"isPartOf\":{\"@id\":\"https:\/\/suuretech.com\/#website\"},\"datePublished\":\"2015-06-11T14:03:51+00:00\",\"dateModified\":\"2023-06-30T08:19:57+00:00\",\"breadcrumb\":{\"@id\":\"https:\/\/suuretech.com\/politica_cookies\/#breadcrumb\"},\"inLanguage\":\"es\",\"potentialAction\":[{\"@type\":\"ReadAction\",\"target\":[\"https:\/\/suuretech.com\/politica_cookies\/\"]}]},{\"@type\":\"BreadcrumbList\",\"@id\":\"https:\/\/suuretech.com\/politica_cookies\/#breadcrumb\",\"itemListElement\":[{\"@type\":\"ListItem\",\"position\":1,\"name\":\"Home\",\"item\":\"https:\/\/suuretech.com\/\"},{\"@type\":\"ListItem\",\"position\":2,\"name\":\"Pol\u00edtica de Cookies\"}]},{\"@type\":\"WebSite\",\"@id\":\"https:\/\/suuretech.com\/#website\",\"url\":\"https:\/\/suuretech.com\/\",\"name\":\"Suure\",\"description\":\"We supervise your digital marketing campaigns\",\"publisher\":{\"@id\":\"https:\/\/suuretech.com\/#organization\"},\"potentialAction\":[{\"@type\":\"SearchAction\",\"target\":{\"@type\":\"EntryPoint\",\"urlTemplate\":\"https:\/\/suuretech.com\/?s={search_term_string}\"},\"query-input\":{\"@type\":\"PropertyValueSpecification\",\"valueRequired\":true,\"valueName\":\"search_term_string\"}}],\"inLanguage\":\"es\"},{\"@type\":\"Organization\",\"@id\":\"https:\/\/suuretech.com\/#organization\",\"name\":\"Suuretech\",\"url\":\"https:\/\/suuretech.com\/\",\"logo\":{\"@type\":\"ImageObject\",\"inLanguage\":\"es\",\"@id\":\"https:\/\/suuretech.com\/#\/schema\/logo\/image\/\",\"url\":\"https:\/\/suuretech.com\/wp-content\/uploads\/2021\/06\/logo_suure.svg\",\"contentUrl\":\"https:\/\/suuretech.com\/wp-content\/uploads\/2021\/06\/logo_suure.svg\",\"width\":1,\"height\":1,\"caption\":\"Suuretech\"},\"image\":{\"@id\":\"https:\/\/suuretech.com\/#\/schema\/logo\/image\/\"},\"sameAs\":[\"https:\/\/www.linkedin.com\/company\/suuretech\/\"]}]}<\/script>\n<!-- \/ Yoast SEO plugin. -->","yoast_head_json":{"title":"Pol\u00edtica de Cookies - Suure","robots":{"index":"index","follow":"follow","max-snippet":"max-snippet:-1","max-image-preview":"max-image-preview:large","max-video-preview":"max-video-preview:-1"},"canonical":"https:\/\/suuretech.com\/es\/politica_cookies\/","og_locale":"es_ES","og_type":"article","og_title":"Pol\u00edtica de Cookies - Suure","og_url":"https:\/\/suuretech.com\/es\/politica_cookies\/","og_site_name":"Suure","article_modified_time":"2023-06-30T08:19:57+00:00","twitter_card":"summary_large_image","twitter_misc":{"Tiempo de lectura":"8 minutos"},"schema":{"@context":"https:\/\/schema.org","@graph":[{"@type":"WebPage","@id":"https:\/\/suuretech.com\/politica_cookies\/","url":"https:\/\/suuretech.com\/politica_cookies\/","name":"Pol\u00edtica de Cookies - Suure","isPartOf":{"@id":"https:\/\/suuretech.com\/#website"},"datePublished":"2015-06-11T14:03:51+00:00","dateModified":"2023-06-30T08:19:57+00:00","breadcrumb":{"@id":"https:\/\/suuretech.com\/politica_cookies\/#breadcrumb"},"inLanguage":"es","potentialAction":[{"@type":"ReadAction","target":["https:\/\/suuretech.com\/politica_cookies\/"]}]},{"@type":"BreadcrumbList","@id":"https:\/\/suuretech.com\/politica_cookies\/#breadcrumb","itemListElement":[{"@type":"ListItem","position":1,"name":"Home","item":"https:\/\/suuretech.com\/"},{"@type":"ListItem","position":2,"name":"Pol\u00edtica de Cookies"}]},{"@type":"WebSite","@id":"https:\/\/suuretech.com\/#website","url":"https:\/\/suuretech.com\/","name":"Suure","description":"We supervise your digital marketing campaigns","publisher":{"@id":"https:\/\/suuretech.com\/#organization"},"potentialAction":[{"@type":"SearchAction","target":{"@type":"EntryPoint","urlTemplate":"https:\/\/suuretech.com\/?s={search_term_string}"},"query-input":{"@type":"PropertyValueSpecification","valueRequired":true,"valueName":"search_term_string"}}],"inLanguage":"es"},{"@type":"Organization","@id":"https:\/\/suuretech.com\/#organization","name":"Suuretech","url":"https:\/\/suuretech.com\/","logo":{"@type":"ImageObject","inLanguage":"es","@id":"https:\/\/suuretech.com\/#\/schema\/logo\/image\/","url":"https:\/\/suuretech.com\/wp-content\/uploads\/2021\/06\/logo_suure.svg","contentUrl":"https:\/\/suuretech.com\/wp-content\/uploads\/2021\/06\/logo_suure.svg","width":1,"height":1,"caption":"Suuretech"},"image":{"@id":"https:\/\/suuretech.com\/#\/schema\/logo\/image\/"},"sameAs":["https:\/\/www.linkedin.com\/company\/suuretech\/"]}]}},"_links":{"self":[{"href":"https:\/\/suuretech.com\/es\/wp-json\/wp\/v2\/pages\/22179","targetHints":{"allow":["GET"]}}],"collection":[{"href":"https:\/\/suuretech.com\/es\/wp-json\/wp\/v2\/pages"}],"about":[{"href":"https:\/\/suuretech.com\/es\/wp-json\/wp\/v2\/types\/page"}],"author":[{"embeddable":true,"href":"https:\/\/suuretech.com\/es\/wp-json\/wp\/v2\/users\/1"}],"replies":[{"embeddable":true,"href":"https:\/\/suuretech.com\/es\/wp-json\/wp\/v2\/comments?post=22179"}],"version-history":[{"count":5,"href":"https:\/\/suuretech.com\/es\/wp-json\/wp\/v2\/pages\/22179\/revisions"}],"predecessor-version":[{"id":88819,"href":"https:\/\/suuretech.com\/es\/wp-json\/wp\/v2\/pages\/22179\/revisions\/88819"}],"wp:attachment":[{"href":"https:\/\/suuretech.com\/es\/wp-json\/wp\/v2\/media?parent=22179"}],"curies":[{"name":"wp","href":"https:\/\/api.w.org\/{rel}","templated":true}]}}